{"id":104,"date":"2021-04-07T10:26:35","date_gmt":"2021-04-07T10:26:35","guid":{"rendered":"https:\/\/fewo-am-chiemsee.com\/?page_id=104"},"modified":"2021-06-15T08:11:35","modified_gmt":"2021-06-15T08:11:35","slug":"homeoffice","status":"publish","type":"page","link":"https:\/\/fewo-am-chiemsee.com\/index.php\/homeoffice\/","title":{"rendered":"Business Kunden"},"content":{"rendered":"<div id=\"pl-104\"  class=\"panel-layout\" ><div id=\"pg-104-0\"  class=\"panel-grid panel-has-style\" ><div style=\"padding: -50px 0; \" data-overlay=\"true\" data-overlay-color=\"#000000\" class=\"panel-row-style panel-row-style-for-104-0\" ><div id=\"pgc-104-0-0\"  class=\"panel-grid-cell\" ><div id=\"panel-104-0-0-0\" class=\"so-panel widget widget_sow-editor panel-first-child\" data-index=\"0\" ><div style=\"text-align: left;\" data-title-color=\"#443f3f\" data-headings-color=\"#443f3f\" class=\"panel-widget-style panel-widget-style-for-104-0-0-0\" ><div\n\t\t\t\n\t\t\tclass=\"so-widget-sow-editor so-widget-sow-editor-base\"\n\t\t\t\n\t\t><h3 class=\"widget-title\">Arbeiten, wo andere Urlaub machen!<\/h3>\n<div class=\"siteorigin-widget-tinymce textwidget\">\n\t<p><img loading=\"lazy\" class=\"size-medium wp-image-64 alignleft\" src=\"https:\/\/fewo-am-chiemsee.com\/wp-content\/uploads\/2021\/04\/cropped-DSC_0212-scaled-1-300x225.jpg\" alt=\"\" width=\"300\" height=\"225\" srcset=\"https:\/\/fewo-am-chiemsee.com\/wp-content\/uploads\/2021\/04\/cropped-DSC_0212-scaled-1-300x225.jpg 300w, https:\/\/fewo-am-chiemsee.com\/wp-content\/uploads\/2021\/04\/cropped-DSC_0212-scaled-1-1024x768.jpg 1024w, https:\/\/fewo-am-chiemsee.com\/wp-content\/uploads\/2021\/04\/cropped-DSC_0212-scaled-1-768x576.jpg 768w, https:\/\/fewo-am-chiemsee.com\/wp-content\/uploads\/2021\/04\/cropped-DSC_0212-scaled-1-1536x1152.jpg 1536w, https:\/\/fewo-am-chiemsee.com\/wp-content\/uploads\/2021\/04\/cropped-DSC_0212-scaled-1-830x623.jpg 830w, https:\/\/fewo-am-chiemsee.com\/wp-content\/uploads\/2021\/04\/cropped-DSC_0212-scaled-1-230x173.jpg 230w, https:\/\/fewo-am-chiemsee.com\/wp-content\/uploads\/2021\/04\/cropped-DSC_0212-scaled-1-350x263.jpg 350w, https:\/\/fewo-am-chiemsee.com\/wp-content\/uploads\/2021\/04\/cropped-DSC_0212-scaled-1-480x360.jpg 480w, https:\/\/fewo-am-chiemsee.com\/wp-content\/uploads\/2021\/04\/cropped-DSC_0212-scaled-1.jpg 1920w\" sizes=\"(max-width: 300px) 100vw, 300px\" \/><\/p>\n<p>&nbsp;<\/p>\n<p>Oder die Kombination von beidem? Daf\u00fcr bietet sich unsere FeWo geradezu ideal an.<\/p>\n<p>Sie ben\u00f6tigen eine tempor\u00e4re Wohnung mit B\u00fcro f\u00fcr ihre Gesch\u00e4ftst\u00e4tigkeit im Speckg\u00fcrtel von M\u00fcnchen?<\/p>\n<p>Die Wohnung bietet 2 Schreibtische sowie leistungsf\u00e4higes WLAN.<\/p>\n<p>Sie erhalten Ihr pers\u00f6nliches Angebot gerne auf Anfrage.<\/p>\n<p>&nbsp;<\/p>\n<p>&nbsp;<\/p>\n<p>Ruhig gelegen mit herrlichem Ausblick und in Gehweite zum Chiemsee, machen Sie jede kleine Pause zu wahren Erholung. Und jeden Feierabend zu einem kleinen Urlaub...<\/p>\n<p>&nbsp;<\/p>\n<p>&nbsp;<\/p>\n<p>&nbsp;<\/p>\n<p>&nbsp;<\/p>\n<p>&nbsp;<\/p>\n<p>&nbsp;<\/p>\n<\/div>\n<\/div><\/div><\/div><div id=\"panel-104-0-0-1\" class=\"so-panel widget widget_sow-hero panel-last-child\" data-index=\"1\" ><div style=\"text-align: left;\" data-title-color=\"#443f3f\" data-headings-color=\"#443f3f\" class=\"panel-widget-style panel-widget-style-for-104-0-0-1\" ><div\n\t\t\t\n\t\t\tclass=\"so-widget-sow-hero so-widget-sow-hero-default-6e283e92799f-104 so-widget-fittext-wrapper\"\n\t\t\t data-fit-text-compressor=\"0.85\"\n\t\t>\t\t\t\t<div class=\"sow-slider-base\" style=\"display: none\" tabindex=\"0\">\n\t\t\t\t\t<ul\n\t\t\t\t\tclass=\"sow-slider-images\"\n\t\t\t\t\tdata-settings=\"{&quot;pagination&quot;:true,&quot;speed&quot;:800,&quot;timeout&quot;:8000,&quot;paused&quot;:false,&quot;pause_on_hover&quot;:false,&quot;swipe&quot;:true,&quot;nav_always_show_desktop&quot;:&quot;&quot;,&quot;nav_always_show_mobile&quot;:&quot;&quot;,&quot;breakpoint&quot;:&quot;780px&quot;,&quot;unmute&quot;:false,&quot;anchor&quot;:null}\"\n\t\t\t\t\t\t\t\t\t\tdata-anchor-id=\"\"\n\t\t\t\t>\t\t<li class=\"sow-slider-image  sow-slider-image-cover\" style=\"visibility: visible;;background-color: #333333;background-image: url(https:\/\/fewo-am-chiemsee.com\/wp-content\/uploads\/2021\/04\/DSC_0213-scaled.jpg)\" >\n\t\t\t\t\t<div class=\"sow-slider-image-container\">\n\t\t\t<div class=\"sow-slider-image-wrapper\">\n\t\t\t\t<p>&nbsp;<\/p>\n<p>&nbsp;<\/p>\n<p>&nbsp;<\/p>\n<p>&nbsp;<\/p>\n<p>&nbsp;<\/p>\n<p>&nbsp;<\/p>\n<p>&nbsp;<\/p>\n<p>&nbsp;<\/p>\n<p>&nbsp;<\/p>\n<p>&nbsp;<\/p>\n<p>&nbsp;<\/p>\n<p>&nbsp;<\/p>\n\t\t\t<\/div>\n\t\t<\/div>\n\t\t\t\t<\/li>\n\t\t<\/ul>\t\t\t\t<ol class=\"sow-slider-pagination\">\n\t\t\t\t\t\t\t\t\t\t\t<li><a href=\"#\" data-goto=\"0\" aria-label=\"Display slide 1\"><\/a><\/li>\n\t\t\t\t\t\t\t\t\t<\/ol>\n\n\t\t\t\t<div class=\"sow-slide-nav sow-slide-nav-next\">\n\t\t\t\t\t<a href=\"#\" data-goto=\"next\" aria-label=\"Next slide\" data-action=\"next\">\n\t\t\t\t\t\t<em class=\"sow-sld-icon-thin-right\"><\/em>\n\t\t\t\t\t<\/a>\n\t\t\t\t<\/div>\n\n\t\t\t\t<div class=\"sow-slide-nav sow-slide-nav-prev\">\n\t\t\t\t\t<a href=\"#\" data-goto=\"previous\" aria-label=\"Previous slide\" data-action=\"prev\">\n\t\t\t\t\t\t<em class=\"sow-sld-icon-thin-left\"><\/em>\n\t\t\t\t\t<\/a>\n\t\t\t\t<\/div>\n\t\t\t\t<\/div><\/div><\/div><\/div><\/div><\/div><\/div><\/div>","protected":false},"excerpt":{"rendered":"<p>&nbsp; Oder die Kombination von beidem? Daf\u00fcr bietet sich unsere FeWo geradezu ideal an. Sie ben\u00f6tigen eine tempor\u00e4re Wohnung mit B\u00fcro f\u00fcr [&hellip;]<\/p>\n","protected":false},"author":1,"featured_media":0,"parent":0,"menu_order":0,"comment_status":"closed","ping_status":"closed","template":"page-templates\/page_fullwidth.php","meta":[],"_links":{"self":[{"href":"https:\/\/fewo-am-chiemsee.com\/index.php\/wp-json\/wp\/v2\/pages\/104"}],"collection":[{"href":"https:\/\/fewo-am-chiemsee.com\/index.php\/wp-json\/wp\/v2\/pages"}],"about":[{"href":"https:\/\/fewo-am-chiemsee.com\/index.php\/wp-json\/wp\/v2\/types\/page"}],"author":[{"embeddable":true,"href":"https:\/\/fewo-am-chiemsee.com\/index.php\/wp-json\/wp\/v2\/users\/1"}],"replies":[{"embeddable":true,"href":"https:\/\/fewo-am-chiemsee.com\/index.php\/wp-json\/wp\/v2\/comments?post=104"}],"version-history":[{"count":33,"href":"https:\/\/fewo-am-chiemsee.com\/index.php\/wp-json\/wp\/v2\/pages\/104\/revisions"}],"predecessor-version":[{"id":107,"href":"https:\/\/fewo-am-chiemsee.com\/index.php\/wp-json\/wp\/v2\/pages\/104\/revisions\/107"}],"wp:attachment":[{"href":"https:\/\/fewo-am-chiemsee.com\/index.php\/wp-json\/wp\/v2\/media?parent=104"}],"curies":[{"name":"wp","href":"https:\/\/api.w.org\/{rel}","templated":true}]}}