{"id":123,"date":"2021-04-07T10:36:06","date_gmt":"2021-04-07T10:36:06","guid":{"rendered":"https:\/\/fewo-am-chiemsee.com\/?page_id=123"},"modified":"2021-06-10T08:33:39","modified_gmt":"2021-06-10T08:33:39","slug":"datenschutzerklaerung","status":"publish","type":"page","link":"https:\/\/fewo-am-chiemsee.com\/index.php\/datenschutzerklaerung\/","title":{"rendered":"Datenschutzerkl\u00e4rung"},"content":{"rendered":"<p>Datenschutz<\/p>\n<p>Erfassung und Verarbeitung personenbezogener Daten:<\/p>\n<p>Bei der Nutzung dieser Website <a href=\"https:\/\/fewo-am-chiemsee.com\">https:\/\/fewo-am-chiemsee.com<\/a> werden durch den von Ihnen verwendeten Internet-Browser Daten an den Server unserer Website verschickt. Diese Daten werden tempor\u00e4r in einem Logfile gespeichert. Die Speicherung erfolgt automatisch, ohne Ihr Mitwirken. Bei den Daten handelt es sich um die nachfolgend aufgez\u00e4hlten Informationen:<\/p>\n<p>&nbsp;<\/p>\n<p>* IP-Adresse des von Ihnen benutzten Endger\u00e4tes,<\/p>\n<p>* die Bezeichnung Ihres Providers, Ihres verwendeten Browsers sowie des von Ihnen bei dem Zugriff verwendete Betriebssystem Ihres<\/p>\n<p>Endger\u00e4tes<\/p>\n<p>* Zugriffsdatum und -uhrzeit,<\/p>\n<p>* Bezeichnung und URL der aufgerufenen Datei,<\/p>\n<p>* Website, von der aus der Zugriff erfolgt (Referrer-URL),<\/p>\n<p>Diese Daten werden ausschlie\u00dflich zu administrativen Zwecken wie<\/p>\n<p>&nbsp;<\/p>\n<p>* der Erm\u00f6glichung und Gew\u00e4hrleistung eines ordentlichen Verbindungsaufbaus zu unserer Website sowie zur Gew\u00e4hrleistung<\/p>\n<p>deren komfortabler Nutzung und<\/p>\n<p>* zur Gew\u00e4hrleistung der Systemsicherheit und -stabilit\u00e4t<\/p>\n<p>verarbeitet.<\/p>\n<p>Dar\u00fcber hinaus werden durch uns keine weiteren Ihrer personenbezogenen Daten ohne Ihr ausdr\u00fcckliches Einverst\u00e4ndnis erhoben. Insbesondere setzen wir auf unserer Website keine Cookies oder Analysedienste ein.<\/p>\n<p>&nbsp;<\/p>\n<p>Verantwortlicher:<\/p>\n<p>Verantwortlich f\u00fcr die Datenverarbeitung im Zusammenhang mit dieser Website ist die thalmaier.solutions GmbH, Am Stocket 1, 83257 Gstadt, vertreten durch ihre Gesch\u00e4ftsf\u00fchrerin Frau Rebecca Thalmaier.<\/p>\n<p>&nbsp;<\/p>\n<p>Ihre Widerspruchsrechte:<\/p>\n<p>Soweit Ihre personenbezogenen Daten auf Grundlage von berechtigten Interessen gem\u00e4\u00df Art. 6 Abs. 1 S. 1 lit. f DSGVO verarbeitet werden, haben Sie gem\u00e4\u00df Art. 21 DSGVO das Recht, Widerspruch gegen die Verarbeitung Ihrer Daten zu erheben, soweit daf\u00fcr sich aus Ihrer besonderen Situation ergebende Gr\u00fcnde vorliegen. Daneben haben Sie gem\u00e4\u00df Art. 21 DSGVO ein generelles Widerspruchsrecht gegen Direktwerbung. M\u00f6chten Sie von Ihrem Recht Gebrauch machen, d\u00fcrfen Sie diesen Widerspruch gern an unseren Datenschutzbeauftragten richten (zu den Kontaktdaten siehe unten).<\/p>\n<p>&nbsp;<\/p>\n<p>Ihre weiteren Rechte:<\/p>\n<p>Sie haben jederzeit das Recht auf unentgeltliche Auskunft \u00fcber Ihre gespeicherten personenbezogenen Daten, deren Herkunft und Empf\u00e4nger und den Zweck der Datenverarbeitung sowie ein Recht auf Berichtigung, Sperrung oder L\u00f6schung dieser Daten. Hierzu sowie zu weiteren Fragen zum Thema personenbezogene Daten k\u00f6nnen Sie sich jederzeit an unseren Datenschutzbeauftragten wenden. Im Einzelnen haben Sie folgende Rechte:<\/p>\n<p>&nbsp;<\/p>\n<p>* Gem\u00e4\u00df Art. 15 DSGVO d\u00fcrfen Sie Auskunft \u00fcber Ihre von uns verarbeiteten personenbezogenen Daten verlangen. Hierzu z\u00e4hlt insbesondere, jedoch nicht abschlie\u00dfend, die Auskunft \u00fcber die Verarbeitungszwecke, die Datenkategorien, Kategorien von Empf\u00e4ngern Ihrer Daten, die beabsichtigte Dauer der Speicherung, das Bestehen eines Rechts auf Berichtigung, L\u00f6schung oder Einschr\u00e4nkung der Verarbeitung, das Bestehen eines Rechts auf Widerspruch und\/oder Beschwerde.<\/p>\n<p>* Gem\u00e4\u00df Art. 16 DSGVO d\u00fcrfen Sie unverz\u00fcglich die Berichtigung oder Vervollst\u00e4ndigung Ihrer bei uns gespeicherten personenbezogenen Daten verlangen;<\/p>\n<p>* Gem\u00e4\u00df Art. 17 DSGVO haben Sie das Recht, die L\u00f6schung Ihrer gespeicherten personenbezogenen Daten zu verlangen, soweit nicht die Verarbeitung zur Aus\u00fcbung des Rechts auf freie Meinungs\u00e4u\u00dferung und Information, zur Erf\u00fcllung einer rechtlichen Verpflichtung, aus Gr\u00fcnden des \u00f6ffentlichen Interesses oder zur Geltendmachung, Aus\u00fcbung oder Verteidigung von Rechtsanspr\u00fcchen erforderlich ist.<\/p>\n<p>* Gem\u00e4\u00df Art. 18 DSGVO k\u00f6nnen Sie die Einschr\u00e4nkung der Verarbeitung Ihrer personenbezogenen Daten verlangen, soweit Sie die Richtigkeit der Daten bestreiten, die Verarbeitung unrechtm\u00e4\u00dfig ist, Sie aber deren L\u00f6schung ablehnen und wir die Daten nicht mehr ben\u00f6tigen, Sie jedoch diese zur Geltendmachung, Aus\u00fcbung oder Verteidigung von Rechtsanspr\u00fcchen ben\u00f6tigen oder Sie gem\u00e4\u00df Art. 21 DSGVO Widerspruch gegen die Verarbeitung eingelegt haben;<\/p>\n<p>* Gem\u00e4\u00df Art. 20 DSGVO haben Sie zudem Anspruch darauf, Ihre personenbezogenen Daten, die Sie uns bereitgestellt haben, in einem strukturierten, g\u00e4ngigen und maschinenlesebaren Format zu erhalten. Au\u00dferdem d\u00fcrfen Sie die \u00dcbermittlung an einen anderen Verantwortlichen verlangen;<\/p>\n<p>* Sie haben gem\u00e4\u00df Art. 7 Abs. 3 DSGVO das Recht, Ihre einmal erteilte Einwilligung jederzeit zu widerrufen mit der Folge, dass wir die entsprechende Datenverarbeitung f\u00fcr die Zukunft nicht mehr fortf\u00fchren d\u00fcrfen und<\/p>\n<p>* Gem\u00e4\u00df Art. 77 DSGVO steht Ihnen ein Beschwerderecht zu. Dieses ist bei einer Aufsichtsbeh\u00f6rde auszu\u00fcben. In der Regel k\u00f6nnen Sie sich hierf\u00fcr an die Aufsichtsbeh\u00f6rde Ihres \u00fcblichen Aufenthaltsortes oder Arbeitsplatzes oder unseres Unternehmenssitzes wenden.<\/p>\n<p>&nbsp;<\/p>\n<p>Hinweis zur Daten\u00fcbertragung:<\/p>\n<p>Wir weisen darauf hin, dass die Daten\u00fcbertragung im Internet (z.B. bei der Kommunikation per E-Mail) Sicherheitsl\u00fccken aufweisen kann. Ein l\u00fcckenloser Schutz der Daten vor dem Zugriff durch Dritte ist nicht m\u00f6glich.<\/p>\n<p>&nbsp;<\/p>\n<p>G\u00fcltigkeit und \u00c4nderung unserer Datenschutzbestimmungen:<\/p>\n<p>Diese Datenschutzerkl\u00e4rung hat den Stand 05\/2018 und ist aktuell g\u00fcltig. Wir behalten uns vor, diese Datenschutzerkl\u00e4rung gelegentlich anzupassen, damit sie stets den aktuellen rechtlichen Anforderungen entspricht oder um \u00c4nderungen unserer Leistungen in der Datenschutzerkl\u00e4rung umzusetzen, z. B. bei der Einf\u00fchrung neuer Services. F\u00fcr Ihren erneuten Besuch gilt dann die neue Datenschutzerkl\u00e4rung.<\/p>\n<p>&nbsp;<\/p>\n<p>Widerspruch Werbe-Mails:<\/p>\n<p>Der Nutzung von im Rahmen der Impressumspflicht ver\u00f6ffentlichten Kontaktdaten zur \u00dcbersendung von nicht ausdr\u00fccklich angeforderter Werbung und Informationsmaterialien wird hiermit widersprochen. Die Betreiber der Seiten behalten sich ausdr\u00fccklich rechtliche Schritte im Falle der unverlangten Zusendung von Werbeinformationen, etwa durch Spam-E-Mails, vor.<\/p>\n<p>&nbsp;<\/p>\n<p>Cookies<\/p>\n<p>Die Internetseiten verwenden teilweise so genannte Cookies. Cookies richten auf Ihrem Rechner keinen Schaden an und enthalten keine Viren.<\/p>\n<p>Cookies dienen dazu, unser Angebot nutzerfreundlicher, effektiver und sicherer zu machen. Cookies sind kleine Textdateien, die auf Ihrem<\/p>\n<p>Rechner abgelegt werden und die Ihr Browser speichert.<\/p>\n<p>Die meisten der von uns verwendeten Cookies sind so genannte \u201eSession-Cookies\u201c. Sie werden nach Ende Ihres Besuchs automatisch gel\u00f6scht.<\/p>\n<p>Andere Cookies bleiben auf Ihrem Endger\u00e4t gespeichert, bis Sie diese l\u00f6schen. Diese Cookies erm\u00f6glichen es uns, Ihren Browser beim n\u00e4chsten<\/p>\n<p>Besuch wiederzuerkennen.<\/p>\n<p>Sie k\u00f6nnen Ihren Browser so einstellen, dass Sie \u00fcber das Setzen von Cookies informiert werden und Cookies nur im Einzelfall erlauben,<\/p>\n<p>die Annahme von Cookies f\u00fcr bestimmte F\u00e4lle oder generell ausschlie\u00dfen sowie das automatische L\u00f6schen der Cookies beim Schlie\u00dfen des<\/p>\n<p>Browser aktivieren. Bei der Deaktivierung von Cookies kann die Funktionalit\u00e4t dieser Website eingeschr\u00e4nkt sein.<\/p>\n<p>&nbsp;<\/p>\n<p>Server-Log-Files<\/p>\n<p>Der Provider der Seiten erhebt und speichert automatisch Informationen in so genannten Server-Log Files, die Ihr Browser automatisch an uns \u00fcbermittelt.<\/p>\n<p>Dies sind:<\/p>\n<p>&nbsp;<\/p>\n<p>* Browsertyp und Browserversion<\/p>\n<p>* verwendetes Betriebssystem<\/p>\n<p>* Referrer URL<\/p>\n<p>* Hostname des zugreifenden Rechners<\/p>\n<p>* Uhrzeit der Serveranfrage<\/p>\n<p>&nbsp;<\/p>\n<p>Diese Daten sind nicht bestimmten Personen zuordenbar. Eine Zusammenf\u00fchrung dieser Daten mit anderen Datenquellen wird nicht vorgenommen.<\/p>\n<p>Wir behalten uns vor, diese Daten nachtr\u00e4glich zu pr\u00fcfen, wenn uns konkrete Anhaltspunkte f\u00fcr eine rechtswidrige Nutzung bekannt werden.<\/p>\n<p>&nbsp;<\/p>\n<p>Kontaktformular<\/p>\n<p>Wenn Sie uns per Kontaktformular Anfragen zukommen lassen, werden Ihre Angaben aus dem Anfrageformular inklusive der von Ihnen dort angegebenen Kontaktdaten zwecks Bearbeitung der Anfrage und f\u00fcr den Fall von Anschlussfragen bei uns oder der Tourist Info gespeichert.<\/p>\n<p>Diese Daten geben wir nicht ohne Ihre Einwilligung weiter.<\/p>\n<p><a href=\"https:\/\/tportal.toubiz.de\/gstadt\/ukv\/house\/DEU00000060759134508\">https:\/\/tportal.toubiz.de\/gstadt\/ukv\/house\/DEU00000060759134508<\/a><\/p>\n<p>SSL-Verschl\u00fcsselung<\/p>\n<p>Diese Seite nutzt aus Gr\u00fcnden der Sicherheit und zum Schutz der \u00dcbertragung vertraulicher Inhalte, wie zum Beispiel der Anfragen, die Sie an uns als Seitenbetreiber senden, eine SSL-Verschl\u00fcsselung. Eine verschl\u00fcsselte Verbindung erkennen Sie daran, dass die Adresszeile des Browsers von<\/p>\n<p><a href=\"http:\/\/\">http:\/\/<\/a> auf <a href=\"https:\/\/\">https:\/\/<\/a> wechselt und an dem Schloss-Symbol in Ihrer Browserzeile.<\/p>\n<p>Wenn die SSL Verschl\u00fcsselung aktiviert ist, k\u00f6nnen die Daten, die Sie an uns \u00fcbermitteln, nicht von Dritten mitgelesen werden.<\/p>\n<p>&nbsp;<\/p>\n<p>Auskunft, L\u00f6schung, Sperrung<\/p>\n<p>Sie haben jederzeit das Recht auf unentgeltliche Auskunft \u00fcber Ihre gespeicherten personenbezogenen Daten, deren Herkunft und Empf\u00e4nger und den Zweck der Datenverarbeitung sowie ein Recht auf Berichtigung, Sperrung oder L\u00f6schung dieser Daten. Hierzu sowie zu weiteren Fragen zum\u00a0Thema personenbezogene Daten k\u00f6nnen Sie sich jederzeit unter der im Impressum angegebenen Adresse an uns wenden.<\/p>\n<p>&nbsp;<\/p>\n<p>Widerspruch Werbe-Mails<\/p>\n<p>Der Nutzung von im Rahmen der Impressumspflicht ver\u00f6ffentlichten Kontaktdaten zur \u00dcbersendung von nicht ausdr\u00fccklich angeforderter Werbung\u00a0und Informationsmaterialien wird hiermit widersprochen. Die Betreiber der Seiten behalten sich ausdr\u00fccklich rechtliche Schritte im Falle der\u00a0unverlangten Zusendung von Werbeinformationen, etwa durch Spam-E-Mails, vor.<\/p>\n","protected":false},"excerpt":{"rendered":"<p>Datenschutz Erfassung und Verarbeitung personenbezogener Daten: Bei der Nutzung dieser Website https:\/\/fewo-am-chiemsee.com werden durch den von Ihnen verwendeten Internet-Browser Daten an den [&hellip;]<\/p>\n","protected":false},"author":1,"featured_media":0,"parent":0,"menu_order":0,"comment_status":"closed","ping_status":"closed","template":"page-templates\/page_fullwidth.php","meta":[],"_links":{"self":[{"href":"https:\/\/fewo-am-chiemsee.com\/index.php\/wp-json\/wp\/v2\/pages\/123"}],"collection":[{"href":"https:\/\/fewo-am-chiemsee.com\/index.php\/wp-json\/wp\/v2\/pages"}],"about":[{"href":"https:\/\/fewo-am-chiemsee.com\/index.php\/wp-json\/wp\/v2\/types\/page"}],"author":[{"embeddable":true,"href":"https:\/\/fewo-am-chiemsee.com\/index.php\/wp-json\/wp\/v2\/users\/1"}],"replies":[{"embeddable":true,"href":"https:\/\/fewo-am-chiemsee.com\/index.php\/wp-json\/wp\/v2\/comments?post=123"}],"version-history":[{"count":4,"href":"https:\/\/fewo-am-chiemsee.com\/index.php\/wp-json\/wp\/v2\/pages\/123\/revisions"}],"predecessor-version":[{"id":304,"href":"https:\/\/fewo-am-chiemsee.com\/index.php\/wp-json\/wp\/v2\/pages\/123\/revisions\/304"}],"wp:attachment":[{"href":"https:\/\/fewo-am-chiemsee.com\/index.php\/wp-json\/wp\/v2\/media?parent=123"}],"curies":[{"name":"wp","href":"https:\/\/api.w.org\/{rel}","templated":true}]}}